{"id":110,"date":"2020-12-30T22:29:00","date_gmt":"2020-12-30T21:29:00","guid":{"rendered":"http:\/\/dev.kirchschlagerhof.at\/?page_id=110"},"modified":"2021-12-28T22:08:49","modified_gmt":"2021-12-28T21:08:49","slug":"anreise","status":"publish","type":"page","link":"https:\/\/www.kirchschlagerhof.at\/2020\/anreise\/","title":{"rendered":"Anreise"},"content":{"rendered":"<div class=\"fusion-fullwidth fullwidth-box fusion-builder-row-1 fusion-flex-container nonhundred-percent-fullwidth non-hundred-percent-height-scrolling\" style=\"background-color: #fff5d0;background-position: center center;background-repeat: no-repeat;border-width: 0px 0px 0px 0px;border-color:#e2e2e2;border-style:solid;\" ><div class=\"fusion-builder-row fusion-row fusion-flex-align-items-flex-start\" style=\"max-width:1352px;margin-left: calc(-4% \/ 2 );margin-right: calc(-4% \/ 2 );\"><div class=\"fusion-layout-column fusion_builder_column fusion-builder-column-0 fusion_builder_column_1_1 1_1 fusion-flex-column\"><div class=\"fusion-column-wrapper fusion-flex-justify-content-flex-start fusion-content-layout-column\" style=\"background-position:left top;background-repeat:no-repeat;-webkit-background-size:cover;-moz-background-size:cover;-o-background-size:cover;background-size:cover;padding: 0px 0px 0px 0px;\"><div class=\"fusion-text fusion-text-1\"><h4>Anreise<\/h4>\n<\/div><div class=\"fusion-builder-row fusion-builder-row-inner fusion-row fusion-flex-align-items-flex-start\" style=\"width:104% !important;max-width:104% !important;margin-left: calc(-4% \/ 2 );margin-right: calc(-4% \/ 2 );\"><div class=\"fusion-layout-column fusion_builder_column_inner fusion-builder-nested-column-0 fusion_builder_column_inner_1_2 1_2 fusion-flex-column\"><div class=\"fusion-column-wrapper fusion-flex-justify-content-flex-start fusion-content-layout-column\" style=\"background-position:left top;background-repeat:no-repeat;-webkit-background-size:cover;-moz-background-size:cover;-o-background-size:cover;background-size:cover;padding: 0px 0px 0px 0px;\"><div class=\"fusion-text fusion-text-2\"><p>Ihre Monteurunterkunft befindet sich ca. 15 Minuten vom Linzer Zentrum gelegen auf dem Sonnenplateau \u00fcber Linz.<\/p>\n<p>Lebensmittelhandel, Gastronomie, Hausarzt und Apotheke in direktem Umkreis, wenige Meter zu Fu\u00df.<\/p>\n<p>Einkaufsm\u00f6glichkeiten direkt am Weg zur Unterkunft (Penny, Spar, Hofer, Unimarkt)<\/p>\n<p>A1 Ausfahrt Linz \u2013 Stadtautobahn A7 durch Linz \u2013 Ausfahrt 13 Urfahr\/Linz \u00a0\u2013 B126 Richtung Bad Leonfelden \u2013 Ort Glasau, Ampelkreuzung \u2013 links Richtung Kirchschlag \u2013 Ortsmitte Kirchschlagerhof Monteurzimmer &amp; Aparthotel (4202 Kirchschlag 48)<\/p>\n<p>24 Stunden Check In an 7 Tagen die Woche \u2013 Key-Card-Code-System (Self-Check-In)<br \/>\nBitte geben Sie ihrem Monteur den von uns mitgeteilten Code f\u00fcr den Check In bekannt.<\/p>\n<p>Bei einer Anreise nach 20 Uhr und am Wochenende und Feiertagen ganzt\u00e4gig ist ein pers\u00f6nlicher Check In ohne Key-Card-Code nicht m\u00f6glich!<\/p>\n<p>35 Monteurzimmer (ca. 18m\u00b2) &amp; 14 Apartment (30m\u00b2 bis 120m\u00b2) Gesamt 108 Betten<\/p>\n<p>Adresse:<br \/>\nKirchschlag 48<br \/>\n4202 Kirchschlag bei Linz<br \/>\nTel.: +43 664 5153458<br \/>\nE-Mail: info@kirchschlagerhof.at<\/p>\n<\/div><\/div><style type=\"text\/css\">.fusion-body .fusion-builder-nested-column-0{width:50% !important;margin-top : 0px;margin-bottom : 20px;}.fusion-builder-nested-column-0 > .fusion-column-wrapper {padding-top : 0px !important;padding-right : 0px !important;margin-right : 3.84%;padding-bottom : 0px !important;padding-left : 0px !important;margin-left : 3.84%;}@media only screen and (max-width:1024px) {.fusion-body .fusion-builder-nested-column-0{width:50% !important;order : 0;}.fusion-builder-nested-column-0 > .fusion-column-wrapper {margin-right : 3.84%;margin-left : 3.84%;}}@media only screen and (max-width:640px) {.fusion-body .fusion-builder-nested-column-0{width:100% !important;order : 0;}.fusion-builder-nested-column-0 > .fusion-column-wrapper {margin-right : 1.92%;margin-left : 1.92%;}}<\/style><\/div><div class=\"fusion-layout-column fusion_builder_column_inner fusion-builder-nested-column-1 fusion_builder_column_inner_1_2 1_2 fusion-flex-column\"><div class=\"fusion-column-wrapper fusion-flex-justify-content-flex-start fusion-content-layout-column\" style=\"background-position:left top;background-repeat:no-repeat;-webkit-background-size:cover;-moz-background-size:cover;-o-background-size:cover;background-size:cover;padding: 0px 0px 0px 0px;\">\t\t\t\t\t<script type=\"text\/javascript\">\n\t\t\t\t\t\tvar map_fusion_map_6a079f1d5daf1;\n\t\t\t\t\t\tvar markers = [];\n\t\t\t\t\t\tvar counter = 0;\n\t\t\t\t\t\t\t\t\t\t\t\t\t\t\t\t\t\t\t\tvar fusionMapNonce = 'afed976f85';\n\t\t\t\t\t\t\t\t\t\t\t\tfunction fusion_run_map_fusion_map_6a079f1d5daf1() {\n\t\t\t\t\t\t\tjQuery('#fusion_map_6a079f1d5daf1').fusion_maps({\n\t\t\t\t\t\t\t\taddresses: [{\"address\":\"Kirchschlagerhof, Kirchschlag 48, 4202 Kirchschlag, \\u00d6sterreich\",\"infobox_content\":\"Kirchschlagerhof, Kirchschlag 48, 4202 Kirchschlag\",\"coordinates\":false,\"cache\":true,\"latitude\":\"48.41249999999999\",\"longitude\":\"14.2761111\"}],\n\t\t\t\t\t\t\t\tanimations: true,\n\t\t\t\t\t\t\t\tinfobox_background_color: '',\n\t\t\t\t\t\t\t\tinfobox_styling: 'custom',\n\t\t\t\t\t\t\t\tinfobox_text_color: '',\n\t\t\t\t\t\t\t\tmap_style: 'custom',\n\t\t\t\t\t\t\t\tmap_type: 'roadmap',\n\t\t\t\t\t\t\t\tmarker_icon: '',\n\t\t\t\t\t\t\t\toverlay_color: '',\n\t\t\t\t\t\t\t\toverlay_color_hsl: {\"hue\":0,\"sat\":0,\"lum\":100},\n\t\t\t\t\t\t\t\tpan_control: true,\n\t\t\t\t\t\t\t\tshow_address: false,\n\t\t\t\t\t\t\t\tscale_control: false,\n\t\t\t\t\t\t\t\tscrollwheel: true,\n\t\t\t\t\t\t\t\tzoom: 14,\n\t\t\t\t\t\t\t\tzoom_control: true,\n\t\t\t\t\t\t\t});\n\t\t\t\t\t\t}\n\n\t\t\t\t\t\tgoogle.maps.event.addDomListener(window, 'load', fusion_run_map_fusion_map_6a079f1d5daf1);\n\t\t\t\t\t<\/script>\n\t\t\t\t\t<div class=\"shortcode-map fusion-google-map fusion-maps-js-type\" style=\"height:300px;width:100%;\" id=\"fusion_map_6a079f1d5daf1\"><\/div><\/div><style type=\"text\/css\">.fusion-body .fusion-builder-nested-column-1{width:50% !important;margin-top : 0px;margin-bottom : 20px;}.fusion-builder-nested-column-1 > .fusion-column-wrapper {padding-top : 0px !important;padding-right : 0px !important;margin-right : 3.84%;padding-bottom : 0px !important;padding-left : 0px !important;margin-left : 3.84%;}@media only screen and (max-width:1024px) {.fusion-body .fusion-builder-nested-column-1{width:50% !important;order : 0;}.fusion-builder-nested-column-1 > .fusion-column-wrapper {margin-right : 3.84%;margin-left : 3.84%;}}@media only screen and (max-width:640px) {.fusion-body .fusion-builder-nested-column-1{width:100% !important;order : 0;}.fusion-builder-nested-column-1 > .fusion-column-wrapper {margin-right : 1.92%;margin-left : 1.92%;}}<\/style><\/div><\/div><\/div><style type=\"text\/css\">.fusion-body .fusion-builder-column-0{width:100% !important;margin-top : 0px;margin-bottom : 20px;}.fusion-builder-column-0 > .fusion-column-wrapper {padding-top : 0px !important;padding-right : 0px !important;margin-right : 1.92%;padding-bottom : 0px !important;padding-left : 0px !important;margin-left : 1.92%;}@media only screen and (max-width:1024px) {.fusion-body .fusion-builder-column-0{width:100% !important;order : 0;}.fusion-builder-column-0 > .fusion-column-wrapper {margin-right : 1.92%;margin-left : 1.92%;}}@media only screen and (max-width:640px) {.fusion-body .fusion-builder-column-0{width:100% !important;order : 0;}.fusion-builder-column-0 > .fusion-column-wrapper {margin-right : 1.92%;margin-left : 1.92%;}}<\/style><\/div><\/div><style type=\"text\/css\">.fusion-body .fusion-flex-container.fusion-builder-row-1{ padding-top : 0px;margin-top : 0px;padding-right : 0px;padding-bottom : 0px;margin-bottom : 0px;padding-left : 0px;}<\/style><\/div>\n","protected":false},"excerpt":{"rendered":"","protected":false},"author":1,"featured_media":0,"parent":0,"menu_order":0,"comment_status":"closed","ping_status":"closed","template":"100-width.php","meta":{"footnotes":""},"class_list":["post-110","page","type-page","status-publish","hentry"],"yoast_head":"<!-- This site is optimized with the Yoast SEO plugin v23.7 - https:\/\/yoast.com\/wordpress\/plugins\/seo\/ -->\n<title>Anreise - Monteurzimmer Linz<\/title>\n<meta name=\"robots\" content=\"index, follow, max-snippet:-1, max-image-preview:large, max-video-preview:-1\" \/>\n<link rel=\"canonical\" href=\"https:\/\/www.kirchschlagerhof.at\/2020\/anreise\/\" \/>\n<meta property=\"og:locale\" content=\"de_DE\" \/>\n<meta property=\"og:type\" content=\"article\" \/>\n<meta property=\"og:title\" content=\"Anreise - Monteurzimmer Linz\" \/>\n<meta property=\"og:url\" content=\"https:\/\/www.kirchschlagerhof.at\/2020\/anreise\/\" \/>\n<meta property=\"og:site_name\" content=\"Monteurzimmer Linz\" \/>\n<meta property=\"article:modified_time\" content=\"2021-12-28T21:08:49+00:00\" \/>\n<meta name=\"twitter:card\" content=\"summary_large_image\" \/>\n<meta name=\"twitter:label1\" content=\"Gesch\u00e4tzte Lesezeit\" \/>\n\t<meta name=\"twitter:data1\" content=\"6\u00a0Minuten\" \/>\n<script type=\"application\/ld+json\" class=\"yoast-schema-graph\">{\"@context\":\"https:\/\/schema.org\",\"@graph\":[{\"@type\":\"WebPage\",\"@id\":\"https:\/\/www.kirchschlagerhof.at\/2020\/anreise\/\",\"url\":\"https:\/\/www.kirchschlagerhof.at\/2020\/anreise\/\",\"name\":\"Anreise - Monteurzimmer Linz\",\"isPartOf\":{\"@id\":\"https:\/\/www.kirchschlagerhof.at\/2020\/#website\"},\"datePublished\":\"2020-12-30T21:29:00+00:00\",\"dateModified\":\"2021-12-28T21:08:49+00:00\",\"breadcrumb\":{\"@id\":\"https:\/\/www.kirchschlagerhof.at\/2020\/anreise\/#breadcrumb\"},\"inLanguage\":\"de\",\"potentialAction\":[{\"@type\":\"ReadAction\",\"target\":[\"https:\/\/www.kirchschlagerhof.at\/2020\/anreise\/\"]}]},{\"@type\":\"BreadcrumbList\",\"@id\":\"https:\/\/www.kirchschlagerhof.at\/2020\/anreise\/#breadcrumb\",\"itemListElement\":[{\"@type\":\"ListItem\",\"position\":1,\"name\":\"Startseite\",\"item\":\"https:\/\/www.kirchschlagerhof.at\/2020\/\"},{\"@type\":\"ListItem\",\"position\":2,\"name\":\"Anreise\"}]},{\"@type\":\"WebSite\",\"@id\":\"https:\/\/www.kirchschlagerhof.at\/2020\/#website\",\"url\":\"https:\/\/www.kirchschlagerhof.at\/2020\/\",\"name\":\"Monteurzimmer Linz\",\"description\":\"Kirchschlagerhof\",\"publisher\":{\"@id\":\"https:\/\/www.kirchschlagerhof.at\/2020\/#organization\"},\"potentialAction\":[{\"@type\":\"SearchAction\",\"target\":{\"@type\":\"EntryPoint\",\"urlTemplate\":\"https:\/\/www.kirchschlagerhof.at\/2020\/?s={search_term_string}\"},\"query-input\":{\"@type\":\"PropertyValueSpecification\",\"valueRequired\":true,\"valueName\":\"search_term_string\"}}],\"inLanguage\":\"de\"},{\"@type\":\"Organization\",\"@id\":\"https:\/\/www.kirchschlagerhof.at\/2020\/#organization\",\"name\":\"Hotel Kirchschlagerhof\",\"url\":\"https:\/\/www.kirchschlagerhof.at\/2020\/\",\"logo\":{\"@type\":\"ImageObject\",\"inLanguage\":\"de\",\"@id\":\"https:\/\/www.kirchschlagerhof.at\/2020\/#\/schema\/logo\/image\/\",\"url\":\"https:\/\/www.kirchschlagerhof.at\/2020\/wp-content\/uploads\/2020\/12\/Original-on-Transparent-mobil-retina.png\",\"contentUrl\":\"https:\/\/www.kirchschlagerhof.at\/2020\/wp-content\/uploads\/2020\/12\/Original-on-Transparent-mobil-retina.png\",\"width\":303,\"height\":200,\"caption\":\"Hotel Kirchschlagerhof\"},\"image\":{\"@id\":\"https:\/\/www.kirchschlagerhof.at\/2020\/#\/schema\/logo\/image\/\"}}]}<\/script>\n<!-- \/ Yoast SEO plugin. -->","yoast_head_json":{"title":"Anreise - Monteurzimmer Linz","robots":{"index":"index","follow":"follow","max-snippet":"max-snippet:-1","max-image-preview":"max-image-preview:large","max-video-preview":"max-video-preview:-1"},"canonical":"https:\/\/www.kirchschlagerhof.at\/2020\/anreise\/","og_locale":"de_DE","og_type":"article","og_title":"Anreise - Monteurzimmer Linz","og_url":"https:\/\/www.kirchschlagerhof.at\/2020\/anreise\/","og_site_name":"Monteurzimmer Linz","article_modified_time":"2021-12-28T21:08:49+00:00","twitter_card":"summary_large_image","twitter_misc":{"Gesch\u00e4tzte Lesezeit":"6\u00a0Minuten"},"schema":{"@context":"https:\/\/schema.org","@graph":[{"@type":"WebPage","@id":"https:\/\/www.kirchschlagerhof.at\/2020\/anreise\/","url":"https:\/\/www.kirchschlagerhof.at\/2020\/anreise\/","name":"Anreise - Monteurzimmer Linz","isPartOf":{"@id":"https:\/\/www.kirchschlagerhof.at\/2020\/#website"},"datePublished":"2020-12-30T21:29:00+00:00","dateModified":"2021-12-28T21:08:49+00:00","breadcrumb":{"@id":"https:\/\/www.kirchschlagerhof.at\/2020\/anreise\/#breadcrumb"},"inLanguage":"de","potentialAction":[{"@type":"ReadAction","target":["https:\/\/www.kirchschlagerhof.at\/2020\/anreise\/"]}]},{"@type":"BreadcrumbList","@id":"https:\/\/www.kirchschlagerhof.at\/2020\/anreise\/#breadcrumb","itemListElement":[{"@type":"ListItem","position":1,"name":"Startseite","item":"https:\/\/www.kirchschlagerhof.at\/2020\/"},{"@type":"ListItem","position":2,"name":"Anreise"}]},{"@type":"WebSite","@id":"https:\/\/www.kirchschlagerhof.at\/2020\/#website","url":"https:\/\/www.kirchschlagerhof.at\/2020\/","name":"Monteurzimmer Linz","description":"Kirchschlagerhof","publisher":{"@id":"https:\/\/www.kirchschlagerhof.at\/2020\/#organization"},"potentialAction":[{"@type":"SearchAction","target":{"@type":"EntryPoint","urlTemplate":"https:\/\/www.kirchschlagerhof.at\/2020\/?s={search_term_string}"},"query-input":{"@type":"PropertyValueSpecification","valueRequired":true,"valueName":"search_term_string"}}],"inLanguage":"de"},{"@type":"Organization","@id":"https:\/\/www.kirchschlagerhof.at\/2020\/#organization","name":"Hotel Kirchschlagerhof","url":"https:\/\/www.kirchschlagerhof.at\/2020\/","logo":{"@type":"ImageObject","inLanguage":"de","@id":"https:\/\/www.kirchschlagerhof.at\/2020\/#\/schema\/logo\/image\/","url":"https:\/\/www.kirchschlagerhof.at\/2020\/wp-content\/uploads\/2020\/12\/Original-on-Transparent-mobil-retina.png","contentUrl":"https:\/\/www.kirchschlagerhof.at\/2020\/wp-content\/uploads\/2020\/12\/Original-on-Transparent-mobil-retina.png","width":303,"height":200,"caption":"Hotel Kirchschlagerhof"},"image":{"@id":"https:\/\/www.kirchschlagerhof.at\/2020\/#\/schema\/logo\/image\/"}}]}},"_links":{"self":[{"href":"https:\/\/www.kirchschlagerhof.at\/2020\/wp-json\/wp\/v2\/pages\/110"}],"collection":[{"href":"https:\/\/www.kirchschlagerhof.at\/2020\/wp-json\/wp\/v2\/pages"}],"about":[{"href":"https:\/\/www.kirchschlagerhof.at\/2020\/wp-json\/wp\/v2\/types\/page"}],"author":[{"embeddable":true,"href":"https:\/\/www.kirchschlagerhof.at\/2020\/wp-json\/wp\/v2\/users\/1"}],"replies":[{"embeddable":true,"href":"https:\/\/www.kirchschlagerhof.at\/2020\/wp-json\/wp\/v2\/comments?post=110"}],"version-history":[{"count":21,"href":"https:\/\/www.kirchschlagerhof.at\/2020\/wp-json\/wp\/v2\/pages\/110\/revisions"}],"predecessor-version":[{"id":314,"href":"https:\/\/www.kirchschlagerhof.at\/2020\/wp-json\/wp\/v2\/pages\/110\/revisions\/314"}],"wp:attachment":[{"href":"https:\/\/www.kirchschlagerhof.at\/2020\/wp-json\/wp\/v2\/media?parent=110"}],"curies":[{"name":"wp","href":"https:\/\/api.w.org\/{rel}","templated":true}]}}