{"id":317,"date":"2022-03-16T22:00:47","date_gmt":"2022-03-16T21:00:47","guid":{"rendered":"https:\/\/www.kirchschlagerhof.at\/2020\/?page_id=317"},"modified":"2023-01-19T10:52:04","modified_gmt":"2023-01-19T09:52:04","slug":"offene-stellen","status":"publish","type":"page","link":"https:\/\/www.kirchschlagerhof.at\/2020\/offene-stellen\/","title":{"rendered":"Offene Stellen"},"content":{"rendered":"<div class=\"fusion-fullwidth fullwidth-box fusion-builder-row-1 fusion-flex-container nonhundred-percent-fullwidth non-hundred-percent-height-scrolling\" style=\"background-color: #fff5d0;background-position: center center;background-repeat: no-repeat;border-width: 0px 0px 0px 0px;border-color:#e2e2e2;border-style:solid;\" ><div class=\"fusion-builder-row fusion-row fusion-flex-align-items-flex-start\" style=\"max-width:1352px;margin-left: calc(-4% \/ 2 );margin-right: calc(-4% \/ 2 );\"><div class=\"fusion-layout-column fusion_builder_column fusion-builder-column-0 fusion_builder_column_1_1 1_1 fusion-flex-column\"><div class=\"fusion-column-wrapper fusion-flex-justify-content-flex-start fusion-content-layout-column\" style=\"background-position:left top;background-repeat:no-repeat;-webkit-background-size:cover;-moz-background-size:cover;-o-background-size:cover;background-size:cover;padding: 0px 0px 0px 0px;\"><div class=\"fusion-text fusion-text-1\"><h4>Housekeeping (m\/w\/w) f\u00fcr 20 Std.\/Woche (Montag bis Freitag)<\/h4>\n<\/div><div class=\"fusion-text fusion-text-2\"><p><strong>Arbeitsbeginn<\/strong>: Ab sofort<br \/>\n<strong>Anstellungsart<\/strong>: Teilzeig 20 Std.<\/p>\n<p>Unser Haus vermietet ca. 15 Minuten von der Linzer Stadteinfahrt komfortable Unterk\u00fcnfte an Monteure, Facharbeiter und Handwerker.<br \/>\nWir sind ein Arbeitgeber, der seinen Mitarbeitern sehr viel Wertsch\u00e4tzung entgegenbringt und leistungsgerechte Rahmenbedingungen garantiert.<\/p>\n<p>Wir bieten Ihnen:<\/p>\n<ul>\n<li>Sehr nette, hilfsbereite Kollegen<\/li>\n<li>Jahresstelle<\/li>\n<li>Leistungsgerechte Bezahlung<\/li>\n<li>Wochenende und Feiertage sind bei uns frei<\/li>\n<li>Betriebsurlaub von Weihnachten 24.12 bis Heilige Drei K\u00f6nige 6.1<\/li>\n<li>Wir arbeiten kotaktlos mit unseren G\u00e4sten (kein G\u00e4stekontakt!)<\/li>\n<\/ul>\n<p>Voraussetzungen:<\/p>\n<ul>\n<li>Genau, sorgf\u00e4ltig und verl\u00e4sslich<\/li>\n<li>Selbstst\u00e4ndiges Arbeiten mit Blick auf das Detail<\/li>\n<\/ul>\n<p>Aufgabenbereich:<\/p>\n<ul>\n<li>Die Reinigung und Pflege der Zimmer, Apartment und \u00f6ffentlichen R\u00e4umen (Aufenthaltsraum, Vorr\u00e4ume, \u2026)<\/li>\n<li>Organisation der W\u00e4sche und der Arbeitsmittel<\/li>\n<li>Dienstbeginn ab 8:00<\/li>\n<\/ul>\n<p>Diese Position unterliegt, dem KV f\u00fcr Gastronomie und Hotellerie<br \/>\nBruttomonatsgehalt von <strong>\u20ac 900,00\u00a0pro<\/strong> Monat \/ \u20ac 763,92 Netto f\u00fcr 20 Std.\/Woche<\/p>\n<p>Wir freuen uns \u00fcber ihre Vorstellung.<br \/>\n<a href=\"mailto:info@kirchschlagerhof.at\">info@kirchschlagerhof.at<\/a><br \/>\nTel. +43 (0) 664 51 53 458<\/p>\n<\/div><\/div><style type=\"text\/css\">.fusion-body .fusion-builder-column-0{width:100% !important;margin-top : 0px;margin-bottom : 20px;}.fusion-builder-column-0 > .fusion-column-wrapper {padding-top : 0px !important;padding-right : 0px !important;margin-right : 1.92%;padding-bottom : 0px !important;padding-left : 0px !important;margin-left : 1.92%;}@media only screen and (max-width:1024px) {.fusion-body .fusion-builder-column-0{width:100% !important;order : 0;}.fusion-builder-column-0 > .fusion-column-wrapper {margin-right : 1.92%;margin-left : 1.92%;}}@media only screen and (max-width:640px) {.fusion-body .fusion-builder-column-0{width:100% !important;order : 0;}.fusion-builder-column-0 > .fusion-column-wrapper {margin-right : 1.92%;margin-left : 1.92%;}}<\/style><\/div><\/div><style type=\"text\/css\">.fusion-body .fusion-flex-container.fusion-builder-row-1{ padding-top : 0px;margin-top : 0px;padding-right : 0px;padding-bottom : 0px;margin-bottom : 0px;padding-left : 0px;}<\/style><\/div>\n","protected":false},"excerpt":{"rendered":"","protected":false},"author":1,"featured_media":0,"parent":0,"menu_order":0,"comment_status":"closed","ping_status":"closed","template":"100-width.php","meta":{"footnotes":""},"class_list":["post-317","page","type-page","status-publish","hentry"],"yoast_head":"<!-- This site is optimized with the Yoast SEO plugin v23.7 - https:\/\/yoast.com\/wordpress\/plugins\/seo\/ -->\n<title>Offene Stellen - Monteurzimmer Linz<\/title>\n<meta name=\"robots\" content=\"index, follow, max-snippet:-1, max-image-preview:large, max-video-preview:-1\" \/>\n<link rel=\"canonical\" href=\"https:\/\/www.kirchschlagerhof.at\/2020\/offene-stellen\/\" \/>\n<meta property=\"og:locale\" content=\"de_DE\" \/>\n<meta property=\"og:type\" content=\"article\" \/>\n<meta property=\"og:title\" content=\"Offene Stellen - Monteurzimmer Linz\" \/>\n<meta property=\"og:url\" content=\"https:\/\/www.kirchschlagerhof.at\/2020\/offene-stellen\/\" \/>\n<meta property=\"og:site_name\" content=\"Monteurzimmer Linz\" \/>\n<meta property=\"article:modified_time\" content=\"2023-01-19T09:52:04+00:00\" \/>\n<meta name=\"twitter:card\" content=\"summary_large_image\" \/>\n<meta name=\"twitter:label1\" content=\"Gesch\u00e4tzte Lesezeit\" \/>\n\t<meta name=\"twitter:data1\" content=\"4\u00a0Minuten\" \/>\n<script type=\"application\/ld+json\" class=\"yoast-schema-graph\">{\"@context\":\"https:\/\/schema.org\",\"@graph\":[{\"@type\":\"WebPage\",\"@id\":\"https:\/\/www.kirchschlagerhof.at\/2020\/offene-stellen\/\",\"url\":\"https:\/\/www.kirchschlagerhof.at\/2020\/offene-stellen\/\",\"name\":\"Offene Stellen - Monteurzimmer Linz\",\"isPartOf\":{\"@id\":\"https:\/\/www.kirchschlagerhof.at\/2020\/#website\"},\"datePublished\":\"2022-03-16T21:00:47+00:00\",\"dateModified\":\"2023-01-19T09:52:04+00:00\",\"breadcrumb\":{\"@id\":\"https:\/\/www.kirchschlagerhof.at\/2020\/offene-stellen\/#breadcrumb\"},\"inLanguage\":\"de\",\"potentialAction\":[{\"@type\":\"ReadAction\",\"target\":[\"https:\/\/www.kirchschlagerhof.at\/2020\/offene-stellen\/\"]}]},{\"@type\":\"BreadcrumbList\",\"@id\":\"https:\/\/www.kirchschlagerhof.at\/2020\/offene-stellen\/#breadcrumb\",\"itemListElement\":[{\"@type\":\"ListItem\",\"position\":1,\"name\":\"Startseite\",\"item\":\"https:\/\/www.kirchschlagerhof.at\/2020\/\"},{\"@type\":\"ListItem\",\"position\":2,\"name\":\"Offene Stellen\"}]},{\"@type\":\"WebSite\",\"@id\":\"https:\/\/www.kirchschlagerhof.at\/2020\/#website\",\"url\":\"https:\/\/www.kirchschlagerhof.at\/2020\/\",\"name\":\"Monteurzimmer Linz\",\"description\":\"Kirchschlagerhof\",\"publisher\":{\"@id\":\"https:\/\/www.kirchschlagerhof.at\/2020\/#organization\"},\"potentialAction\":[{\"@type\":\"SearchAction\",\"target\":{\"@type\":\"EntryPoint\",\"urlTemplate\":\"https:\/\/www.kirchschlagerhof.at\/2020\/?s={search_term_string}\"},\"query-input\":{\"@type\":\"PropertyValueSpecification\",\"valueRequired\":true,\"valueName\":\"search_term_string\"}}],\"inLanguage\":\"de\"},{\"@type\":\"Organization\",\"@id\":\"https:\/\/www.kirchschlagerhof.at\/2020\/#organization\",\"name\":\"Hotel Kirchschlagerhof\",\"url\":\"https:\/\/www.kirchschlagerhof.at\/2020\/\",\"logo\":{\"@type\":\"ImageObject\",\"inLanguage\":\"de\",\"@id\":\"https:\/\/www.kirchschlagerhof.at\/2020\/#\/schema\/logo\/image\/\",\"url\":\"https:\/\/www.kirchschlagerhof.at\/2020\/wp-content\/uploads\/2020\/12\/Original-on-Transparent-mobil-retina.png\",\"contentUrl\":\"https:\/\/www.kirchschlagerhof.at\/2020\/wp-content\/uploads\/2020\/12\/Original-on-Transparent-mobil-retina.png\",\"width\":303,\"height\":200,\"caption\":\"Hotel Kirchschlagerhof\"},\"image\":{\"@id\":\"https:\/\/www.kirchschlagerhof.at\/2020\/#\/schema\/logo\/image\/\"}}]}<\/script>\n<!-- \/ Yoast SEO plugin. -->","yoast_head_json":{"title":"Offene Stellen - Monteurzimmer Linz","robots":{"index":"index","follow":"follow","max-snippet":"max-snippet:-1","max-image-preview":"max-image-preview:large","max-video-preview":"max-video-preview:-1"},"canonical":"https:\/\/www.kirchschlagerhof.at\/2020\/offene-stellen\/","og_locale":"de_DE","og_type":"article","og_title":"Offene Stellen - Monteurzimmer Linz","og_url":"https:\/\/www.kirchschlagerhof.at\/2020\/offene-stellen\/","og_site_name":"Monteurzimmer Linz","article_modified_time":"2023-01-19T09:52:04+00:00","twitter_card":"summary_large_image","twitter_misc":{"Gesch\u00e4tzte Lesezeit":"4\u00a0Minuten"},"schema":{"@context":"https:\/\/schema.org","@graph":[{"@type":"WebPage","@id":"https:\/\/www.kirchschlagerhof.at\/2020\/offene-stellen\/","url":"https:\/\/www.kirchschlagerhof.at\/2020\/offene-stellen\/","name":"Offene Stellen - Monteurzimmer Linz","isPartOf":{"@id":"https:\/\/www.kirchschlagerhof.at\/2020\/#website"},"datePublished":"2022-03-16T21:00:47+00:00","dateModified":"2023-01-19T09:52:04+00:00","breadcrumb":{"@id":"https:\/\/www.kirchschlagerhof.at\/2020\/offene-stellen\/#breadcrumb"},"inLanguage":"de","potentialAction":[{"@type":"ReadAction","target":["https:\/\/www.kirchschlagerhof.at\/2020\/offene-stellen\/"]}]},{"@type":"BreadcrumbList","@id":"https:\/\/www.kirchschlagerhof.at\/2020\/offene-stellen\/#breadcrumb","itemListElement":[{"@type":"ListItem","position":1,"name":"Startseite","item":"https:\/\/www.kirchschlagerhof.at\/2020\/"},{"@type":"ListItem","position":2,"name":"Offene Stellen"}]},{"@type":"WebSite","@id":"https:\/\/www.kirchschlagerhof.at\/2020\/#website","url":"https:\/\/www.kirchschlagerhof.at\/2020\/","name":"Monteurzimmer Linz","description":"Kirchschlagerhof","publisher":{"@id":"https:\/\/www.kirchschlagerhof.at\/2020\/#organization"},"potentialAction":[{"@type":"SearchAction","target":{"@type":"EntryPoint","urlTemplate":"https:\/\/www.kirchschlagerhof.at\/2020\/?s={search_term_string}"},"query-input":{"@type":"PropertyValueSpecification","valueRequired":true,"valueName":"search_term_string"}}],"inLanguage":"de"},{"@type":"Organization","@id":"https:\/\/www.kirchschlagerhof.at\/2020\/#organization","name":"Hotel Kirchschlagerhof","url":"https:\/\/www.kirchschlagerhof.at\/2020\/","logo":{"@type":"ImageObject","inLanguage":"de","@id":"https:\/\/www.kirchschlagerhof.at\/2020\/#\/schema\/logo\/image\/","url":"https:\/\/www.kirchschlagerhof.at\/2020\/wp-content\/uploads\/2020\/12\/Original-on-Transparent-mobil-retina.png","contentUrl":"https:\/\/www.kirchschlagerhof.at\/2020\/wp-content\/uploads\/2020\/12\/Original-on-Transparent-mobil-retina.png","width":303,"height":200,"caption":"Hotel Kirchschlagerhof"},"image":{"@id":"https:\/\/www.kirchschlagerhof.at\/2020\/#\/schema\/logo\/image\/"}}]}},"_links":{"self":[{"href":"https:\/\/www.kirchschlagerhof.at\/2020\/wp-json\/wp\/v2\/pages\/317"}],"collection":[{"href":"https:\/\/www.kirchschlagerhof.at\/2020\/wp-json\/wp\/v2\/pages"}],"about":[{"href":"https:\/\/www.kirchschlagerhof.at\/2020\/wp-json\/wp\/v2\/types\/page"}],"author":[{"embeddable":true,"href":"https:\/\/www.kirchschlagerhof.at\/2020\/wp-json\/wp\/v2\/users\/1"}],"replies":[{"embeddable":true,"href":"https:\/\/www.kirchschlagerhof.at\/2020\/wp-json\/wp\/v2\/comments?post=317"}],"version-history":[{"count":7,"href":"https:\/\/www.kirchschlagerhof.at\/2020\/wp-json\/wp\/v2\/pages\/317\/revisions"}],"predecessor-version":[{"id":338,"href":"https:\/\/www.kirchschlagerhof.at\/2020\/wp-json\/wp\/v2\/pages\/317\/revisions\/338"}],"wp:attachment":[{"href":"https:\/\/www.kirchschlagerhof.at\/2020\/wp-json\/wp\/v2\/media?parent=317"}],"curies":[{"name":"wp","href":"https:\/\/api.w.org\/{rel}","templated":true}]}}