{"id":65,"date":"2020-12-30T10:18:31","date_gmt":"2020-12-30T09:18:31","guid":{"rendered":"http:\/\/dev.kirchschlagerhof.at\/?page_id=65"},"modified":"2021-12-28T22:12:03","modified_gmt":"2021-12-28T21:12:03","slug":"impressum","status":"publish","type":"page","link":"https:\/\/www.kirchschlagerhof.at\/2020\/impressum\/","title":{"rendered":"Impressum"},"content":{"rendered":"<div class=\"fusion-fullwidth fullwidth-box fusion-builder-row-1 fusion-flex-container nonhundred-percent-fullwidth non-hundred-percent-height-scrolling\" style=\"background-color: #fff5d0;background-position: center center;background-repeat: no-repeat;border-width: 0px 0px 0px 0px;border-color:#e2e2e2;border-style:solid;\" ><div class=\"fusion-builder-row fusion-row fusion-flex-align-items-flex-start\" style=\"max-width:1352px;margin-left: calc(-4% \/ 2 );margin-right: calc(-4% \/ 2 );\"><div class=\"fusion-layout-column fusion_builder_column fusion-builder-column-0 fusion_builder_column_1_1 1_1 fusion-flex-column\"><div class=\"fusion-column-wrapper fusion-flex-justify-content-flex-start fusion-content-layout-column\" style=\"background-position:left top;background-repeat:no-repeat;-webkit-background-size:cover;-moz-background-size:cover;-o-background-size:cover;background-size:cover;padding: 0px 0px 0px 0px;\"><div class=\"fusion-text fusion-text-1\"><h1>Impressum\/Offenlegung gem. \u00a7\u00a7 24f MedienG<\/h1>\n<\/div><div class=\"fusion-text fusion-text-2\"><p>Informationspflicht laut \u00a75 E-Commerce Gesetz, \u00a714 Unternehmensgesetzbuch, \u00a763 Gewerbeordnung und Offenlegungspflicht laut \u00a725 Mediengesetz.<\/p>\n<p>Kirchschlagerhof OG<br \/>\nStefanie Lichtenberger, Angela Sammer<br \/>\nKirchschlag 48<br \/>\n4202 Kirchschlag bei Linz<br \/>\n\u00d6sterreich<\/p>\n<p><strong>Unternehmensgegenstand:<\/strong> Gastgewerbe in der Betriebsart eines Gasthofes<br \/>\n<strong>UID-Nummer:<\/strong> ATU77402623<br \/>\n<strong>FN:<\/strong> 566109p<br \/>\n<strong>Gerichtsstand:<\/strong> LG Linz<\/p>\n<p><strong>Tel.:<\/strong> 06645153458<br \/>\n<strong>E-Mail:<\/strong> <a href=\"mailto:info@kirchschlagerhof.at\">info@kirchschlagerhof.at<\/a><\/p>\n<p><strong>Mitglied bei:<\/strong> WKO<br \/>\n<strong>Berufsrecht:<\/strong> Gewerbeordnung: www.ris.bka.gv.at<\/p>\n<p><strong>Aufsichtsbeh\u00f6rde\/Gewerbebeh\u00f6rde:<\/strong> Bezirkshauptmannschaft Urfahr Umgebung<br \/>\n<strong>Verleihungsstaat:<\/strong> \u00d6sterreich<\/p>\n<p>Quelle: Erstellt mit dem Impressum Generator von <a href=\"https:\/\/www.adsimple.at\/linkbuilding-backlinkaufbau\/\">AdSimple\u00ae Linkbuilding<\/a> in Kooperation mit <a href=\"https:\/\/www.meinhaushalt.at\/\">meinhaushalt.at<\/a><\/p>\n<h4>EU-Streitschlichtung<\/h4>\n<p>Gem\u00e4\u00df Verordnung \u00fcber Online-Streitbeilegung in Verbraucherangelegenheiten (ODR-Verordnung) m\u00f6chten wir Sie \u00fcber die Online-Streitbeilegungsplattform (OS-Plattform) informieren.<br \/>\nVerbraucher haben die M\u00f6glichkeit, Beschwerden an die Online Streitbeilegungsplattform der Europ\u00e4ischen Kommission unter <a href=\"https:\/\/ec.europa.eu\/consumers\/odr\/main\/index.cfm?event=main.home2.show&amp;lng=DE\">http:\/\/ec.europa.eu\/odr?tid=121607206<\/a> zu richten. Die daf\u00fcr notwendigen Kontaktdaten finden Sie oberhalb in unserem Impressum.<\/p>\n<p>Wir m\u00f6chten Sie jedoch darauf hinweisen, dass wir nicht bereit oder verpflichtet sind, an Streitbeilegungsverfahren vor einer Verbraucherschlichtungsstelle teilzunehmen.<\/p>\n<h4>Haftung f\u00fcr Inhalte dieser Webseite<\/h4>\n<p>Wir entwickeln die Inhalte dieser Webseite st\u00e4ndig weiter und bem\u00fchen uns korrekte und aktuelle Informationen bereitzustellen. Leider k\u00f6nnen wir keine Haftung f\u00fcr die Korrektheit aller Inhalte auf dieser Webseite \u00fcbernehmen, speziell f\u00fcr jene die seitens Dritter bereitgestellt wurden.<\/p>\n<p>Sollten Ihnen problematische oder rechtswidrige Inhalte auffallen, bitten wir Sie uns umgehend zu kontaktieren, Sie finden die Kontaktdaten im Impressum.<\/p>\n<h4>Haftung f\u00fcr Links auf dieser Webseite<\/h4>\n<p>Unsere Webseite enth\u00e4lt Links zu anderen Webseiten f\u00fcr deren Inhalt wir nicht verantwortlich sind. Haftung f\u00fcr verlinkte Websites besteht laut <a href=\"https:\/\/www.ris.bka.gv.at\/Dokument.wxe?Abfrage=Bundesnormen&amp;Dokumentnummer=NOR40025813&amp;tid=121607206\">\u00a7 17 ECG<\/a> f\u00fcr uns nicht, da wir keine Kenntnis rechtswidriger T\u00e4tigkeiten hatten und haben, uns solche Rechtswidrigkeiten auch bisher nicht aufgefallen sind und wir Links sofort entfernen w\u00fcrden, wenn uns Rechtswidrigkeiten bekannt werden.<\/p>\n<p>Wenn Ihnen rechtswidrige Links auf unserer Website auffallen, bitten wir Sie uns zu kontaktieren, Sie finden die Kontaktdaten im Impressum.<\/p>\n<h4>Urheberrechtshinweis<\/h4>\n<p>Alle Inhalte dieser Webseite (Bilder, Fotos, Texte, Videos) unterliegen dem Urheberrecht. Falls notwendig, werden wir die unerlaubte Nutzung von Teilen der Inhalte unserer Seite rechtlich verfolgen.<\/p>\n<p>Sollten Sie auf dieser Webseite Inhalte finden, die das Urheberrecht verletzen, bitten wir Sie uns zu kontaktieren.<\/p>\n<h4>Bildernachweis<\/h4>\n<p>Die Bilder, Fotos und Grafiken auf dieser Webseite sind urheberrechtlich gesch\u00fctzt.<\/p>\n<p>Die Bilderrechte liegen bei den folgenden Fotografen und Unternehmen:<\/p>\n<ul>\n<li>Stefanie Lichtenberger<\/li>\n<\/ul>\n<\/div><\/div><style type=\"text\/css\">.fusion-body .fusion-builder-column-0{width:100% !important;margin-top : 0px;margin-bottom : 20px;}.fusion-builder-column-0 > .fusion-column-wrapper {padding-top : 0px !important;padding-right : 0px !important;margin-right : 1.92%;padding-bottom : 0px !important;padding-left : 0px !important;margin-left : 1.92%;}@media only screen and (max-width:1024px) {.fusion-body .fusion-builder-column-0{width:100% !important;order : 0;}.fusion-builder-column-0 > .fusion-column-wrapper {margin-right : 1.92%;margin-left : 1.92%;}}@media only screen and (max-width:640px) {.fusion-body .fusion-builder-column-0{width:100% !important;order : 0;}.fusion-builder-column-0 > .fusion-column-wrapper {margin-right : 1.92%;margin-left : 1.92%;}}<\/style><\/div><\/div><style type=\"text\/css\">.fusion-body .fusion-flex-container.fusion-builder-row-1{ padding-top : 0px;margin-top : 0px;padding-right : 0px;padding-bottom : 0px;margin-bottom : 0px;padding-left : 0px;}<\/style><\/div>\n","protected":false},"excerpt":{"rendered":"","protected":false},"author":1,"featured_media":0,"parent":0,"menu_order":0,"comment_status":"closed","ping_status":"closed","template":"100-width.php","meta":{"footnotes":""},"class_list":["post-65","page","type-page","status-publish","hentry"],"yoast_head":"<!-- This site is optimized with the Yoast SEO plugin v23.7 - https:\/\/yoast.com\/wordpress\/plugins\/seo\/ -->\n<title>Impressum - Monteurzimmer Linz<\/title>\n<meta name=\"robots\" content=\"index, follow, max-snippet:-1, max-image-preview:large, max-video-preview:-1\" \/>\n<link rel=\"canonical\" href=\"https:\/\/www.kirchschlagerhof.at\/2020\/impressum\/\" \/>\n<meta property=\"og:locale\" content=\"de_DE\" \/>\n<meta property=\"og:type\" content=\"article\" \/>\n<meta property=\"og:title\" content=\"Impressum - Monteurzimmer Linz\" \/>\n<meta property=\"og:url\" content=\"https:\/\/www.kirchschlagerhof.at\/2020\/impressum\/\" \/>\n<meta property=\"og:site_name\" content=\"Monteurzimmer Linz\" \/>\n<meta property=\"article:modified_time\" content=\"2021-12-28T21:12:03+00:00\" \/>\n<meta name=\"twitter:card\" content=\"summary_large_image\" \/>\n<meta name=\"twitter:label1\" content=\"Gesch\u00e4tzte Lesezeit\" \/>\n\t<meta name=\"twitter:data1\" content=\"5\u00a0Minuten\" \/>\n<script type=\"application\/ld+json\" class=\"yoast-schema-graph\">{\"@context\":\"https:\/\/schema.org\",\"@graph\":[{\"@type\":\"WebPage\",\"@id\":\"https:\/\/www.kirchschlagerhof.at\/2020\/impressum\/\",\"url\":\"https:\/\/www.kirchschlagerhof.at\/2020\/impressum\/\",\"name\":\"Impressum - Monteurzimmer Linz\",\"isPartOf\":{\"@id\":\"https:\/\/www.kirchschlagerhof.at\/2020\/#website\"},\"datePublished\":\"2020-12-30T09:18:31+00:00\",\"dateModified\":\"2021-12-28T21:12:03+00:00\",\"breadcrumb\":{\"@id\":\"https:\/\/www.kirchschlagerhof.at\/2020\/impressum\/#breadcrumb\"},\"inLanguage\":\"de\",\"potentialAction\":[{\"@type\":\"ReadAction\",\"target\":[\"https:\/\/www.kirchschlagerhof.at\/2020\/impressum\/\"]}]},{\"@type\":\"BreadcrumbList\",\"@id\":\"https:\/\/www.kirchschlagerhof.at\/2020\/impressum\/#breadcrumb\",\"itemListElement\":[{\"@type\":\"ListItem\",\"position\":1,\"name\":\"Startseite\",\"item\":\"https:\/\/www.kirchschlagerhof.at\/2020\/\"},{\"@type\":\"ListItem\",\"position\":2,\"name\":\"Impressum\"}]},{\"@type\":\"WebSite\",\"@id\":\"https:\/\/www.kirchschlagerhof.at\/2020\/#website\",\"url\":\"https:\/\/www.kirchschlagerhof.at\/2020\/\",\"name\":\"Monteurzimmer Linz\",\"description\":\"Kirchschlagerhof\",\"publisher\":{\"@id\":\"https:\/\/www.kirchschlagerhof.at\/2020\/#organization\"},\"potentialAction\":[{\"@type\":\"SearchAction\",\"target\":{\"@type\":\"EntryPoint\",\"urlTemplate\":\"https:\/\/www.kirchschlagerhof.at\/2020\/?s={search_term_string}\"},\"query-input\":{\"@type\":\"PropertyValueSpecification\",\"valueRequired\":true,\"valueName\":\"search_term_string\"}}],\"inLanguage\":\"de\"},{\"@type\":\"Organization\",\"@id\":\"https:\/\/www.kirchschlagerhof.at\/2020\/#organization\",\"name\":\"Hotel Kirchschlagerhof\",\"url\":\"https:\/\/www.kirchschlagerhof.at\/2020\/\",\"logo\":{\"@type\":\"ImageObject\",\"inLanguage\":\"de\",\"@id\":\"https:\/\/www.kirchschlagerhof.at\/2020\/#\/schema\/logo\/image\/\",\"url\":\"https:\/\/www.kirchschlagerhof.at\/2020\/wp-content\/uploads\/2020\/12\/Original-on-Transparent-mobil-retina.png\",\"contentUrl\":\"https:\/\/www.kirchschlagerhof.at\/2020\/wp-content\/uploads\/2020\/12\/Original-on-Transparent-mobil-retina.png\",\"width\":303,\"height\":200,\"caption\":\"Hotel Kirchschlagerhof\"},\"image\":{\"@id\":\"https:\/\/www.kirchschlagerhof.at\/2020\/#\/schema\/logo\/image\/\"}}]}<\/script>\n<!-- \/ Yoast SEO plugin. -->","yoast_head_json":{"title":"Impressum - Monteurzimmer Linz","robots":{"index":"index","follow":"follow","max-snippet":"max-snippet:-1","max-image-preview":"max-image-preview:large","max-video-preview":"max-video-preview:-1"},"canonical":"https:\/\/www.kirchschlagerhof.at\/2020\/impressum\/","og_locale":"de_DE","og_type":"article","og_title":"Impressum - Monteurzimmer Linz","og_url":"https:\/\/www.kirchschlagerhof.at\/2020\/impressum\/","og_site_name":"Monteurzimmer Linz","article_modified_time":"2021-12-28T21:12:03+00:00","twitter_card":"summary_large_image","twitter_misc":{"Gesch\u00e4tzte Lesezeit":"5\u00a0Minuten"},"schema":{"@context":"https:\/\/schema.org","@graph":[{"@type":"WebPage","@id":"https:\/\/www.kirchschlagerhof.at\/2020\/impressum\/","url":"https:\/\/www.kirchschlagerhof.at\/2020\/impressum\/","name":"Impressum - Monteurzimmer Linz","isPartOf":{"@id":"https:\/\/www.kirchschlagerhof.at\/2020\/#website"},"datePublished":"2020-12-30T09:18:31+00:00","dateModified":"2021-12-28T21:12:03+00:00","breadcrumb":{"@id":"https:\/\/www.kirchschlagerhof.at\/2020\/impressum\/#breadcrumb"},"inLanguage":"de","potentialAction":[{"@type":"ReadAction","target":["https:\/\/www.kirchschlagerhof.at\/2020\/impressum\/"]}]},{"@type":"BreadcrumbList","@id":"https:\/\/www.kirchschlagerhof.at\/2020\/impressum\/#breadcrumb","itemListElement":[{"@type":"ListItem","position":1,"name":"Startseite","item":"https:\/\/www.kirchschlagerhof.at\/2020\/"},{"@type":"ListItem","position":2,"name":"Impressum"}]},{"@type":"WebSite","@id":"https:\/\/www.kirchschlagerhof.at\/2020\/#website","url":"https:\/\/www.kirchschlagerhof.at\/2020\/","name":"Monteurzimmer Linz","description":"Kirchschlagerhof","publisher":{"@id":"https:\/\/www.kirchschlagerhof.at\/2020\/#organization"},"potentialAction":[{"@type":"SearchAction","target":{"@type":"EntryPoint","urlTemplate":"https:\/\/www.kirchschlagerhof.at\/2020\/?s={search_term_string}"},"query-input":{"@type":"PropertyValueSpecification","valueRequired":true,"valueName":"search_term_string"}}],"inLanguage":"de"},{"@type":"Organization","@id":"https:\/\/www.kirchschlagerhof.at\/2020\/#organization","name":"Hotel Kirchschlagerhof","url":"https:\/\/www.kirchschlagerhof.at\/2020\/","logo":{"@type":"ImageObject","inLanguage":"de","@id":"https:\/\/www.kirchschlagerhof.at\/2020\/#\/schema\/logo\/image\/","url":"https:\/\/www.kirchschlagerhof.at\/2020\/wp-content\/uploads\/2020\/12\/Original-on-Transparent-mobil-retina.png","contentUrl":"https:\/\/www.kirchschlagerhof.at\/2020\/wp-content\/uploads\/2020\/12\/Original-on-Transparent-mobil-retina.png","width":303,"height":200,"caption":"Hotel Kirchschlagerhof"},"image":{"@id":"https:\/\/www.kirchschlagerhof.at\/2020\/#\/schema\/logo\/image\/"}}]}},"_links":{"self":[{"href":"https:\/\/www.kirchschlagerhof.at\/2020\/wp-json\/wp\/v2\/pages\/65"}],"collection":[{"href":"https:\/\/www.kirchschlagerhof.at\/2020\/wp-json\/wp\/v2\/pages"}],"about":[{"href":"https:\/\/www.kirchschlagerhof.at\/2020\/wp-json\/wp\/v2\/types\/page"}],"author":[{"embeddable":true,"href":"https:\/\/www.kirchschlagerhof.at\/2020\/wp-json\/wp\/v2\/users\/1"}],"replies":[{"embeddable":true,"href":"https:\/\/www.kirchschlagerhof.at\/2020\/wp-json\/wp\/v2\/comments?post=65"}],"version-history":[{"count":6,"href":"https:\/\/www.kirchschlagerhof.at\/2020\/wp-json\/wp\/v2\/pages\/65\/revisions"}],"predecessor-version":[{"id":315,"href":"https:\/\/www.kirchschlagerhof.at\/2020\/wp-json\/wp\/v2\/pages\/65\/revisions\/315"}],"wp:attachment":[{"href":"https:\/\/www.kirchschlagerhof.at\/2020\/wp-json\/wp\/v2\/media?parent=65"}],"curies":[{"name":"wp","href":"https:\/\/api.w.org\/{rel}","templated":true}]}}