{"id":70,"date":"2020-12-30T12:00:31","date_gmt":"2020-12-30T11:00:31","guid":{"rendered":"http:\/\/dev.kirchschlagerhof.at\/?page_id=70"},"modified":"2024-08-25T12:17:23","modified_gmt":"2024-08-25T10:17:23","slug":"avb","status":"publish","type":"page","link":"https:\/\/www.kirchschlagerhof.at\/2020\/avb\/","title":{"rendered":"AVB"},"content":{"rendered":"<div class=\"fusion-fullwidth fullwidth-box fusion-builder-row-1 fusion-flex-container nonhundred-percent-fullwidth non-hundred-percent-height-scrolling\" style=\"background-color: #fff5d0;background-position: center center;background-repeat: no-repeat;border-width: 0px 0px 0px 0px;border-color:#e2e2e2;border-style:solid;\" ><div class=\"fusion-builder-row fusion-row fusion-flex-align-items-flex-start\" style=\"max-width:1352px;margin-left: calc(-4% \/ 2 );margin-right: calc(-4% \/ 2 );\"><div class=\"fusion-layout-column fusion_builder_column fusion-builder-column-0 fusion_builder_column_1_1 1_1 fusion-flex-column\"><div class=\"fusion-column-wrapper fusion-flex-justify-content-flex-start fusion-content-layout-column\" style=\"background-position:left top;background-repeat:no-repeat;-webkit-background-size:cover;-moz-background-size:cover;-o-background-size:cover;background-size:cover;padding: 0px 0px 0px 0px;\"><div class=\"fusion-text fusion-text-1\"><h1>Allgemeine Vertragsbedingungen (AVB)<\/h1>\n<p>des Arbeiter-Hotel Kirchschlagerhof OG 4202 Kirchschlag bei Linz, Kirchschlag 48 +48a<\/p>\n<\/div><div class=\"fusion-text fusion-text-2\"><ol>\n<li>Geltungsbereich<br \/>\nDas Arbeiter-Hotel Kirchschlagerhof in der Folge kurz Kirchschlagerhof genannt, erkl\u00e4rt<br \/>\nausschlie\u00dflich auf Basis dieser Allgemeinen Vertragsbedingungen zu kontrahieren. Diese AVB<br \/>\nsind Vertragsbestandteile, die durch Vertragsabschluss vollinhaltlich anerkannt werden und f\u00fcr<br \/>\nden Gast verbindlich sind. Sondervereinbarungen bed\u00fcrfen zu ihrer G\u00fcltigkeit der Schriftform.<\/li>\n<li>Vertragspartner<br \/>\nAls G\u00e4ste und Vertragspartner vom Kirchschlagerhof sind alle nat\u00fcrlichen und juristischen<br \/>\nPersonen anzusehen, die mit dem Kirchschlagerhof einen Vertrag \u00fcber eine Beherbergung<br \/>\nabschlie\u00dfen. Beim Abschluss eines Beherbergungsvertrages f\u00fcr mehrere Personen haftet im<br \/>\nZweifelsfalle der Besteller f\u00fcr alle von ihm namentlich genannten G\u00e4ste.<\/li>\n<li>Vertragsabschluss,<br \/>\nDer Beherbergungsvertrag kommt durch die Annahme der schriftlichen oder m\u00fcndlichen<br \/>\nBestellung des Gastes oder des Auftraggebers durch den Kirchschlagerhof zustande. Bei<br \/>\nschriftlicher Buchung bekommen Sie vom Kirchschlagerhof eine Reservierungsbest\u00e4tigung mit<br \/>\nAnreiserichtlinien.<\/li>\n<li>Beginn und Ende der Beherbergung.<br \/>\nDie bestellten Zimmer\/Apartments k\u00f6nnen ab 14:00Uhr des vereinbarten Anreisetages bezogen<br \/>\nwerden. Die Zimmer\/Apartments sind am Tag der Abreise bis sp\u00e4testens 9 Uhr zu r\u00e4umen. Der<br \/>\nKirchschlagerhof ist berechtigt einen weiteren Tag in Rechnung zu stellen, sofern die<br \/>\nZimmer\/Wohnungen nicht fristgerecht ger\u00e4umt wurden.<\/li>\n<li>Bezahlung:<br \/>\nDie Hotelrechnung ist im Voraus sp\u00e4testens jedoch am Anreisetag zu begleichen. Die Rechnung<br \/>\nkann mittels \u00dcberweisung beglichen werden. (der in der Rechnung angef\u00fchrte<br \/>\nVorauszahlungstermin gilt als vereinbart).<br \/>\nWeiters kann die Rechnung mittels vorhinein vereinbarten Termins bei Anreise in Bar, mit<br \/>\nBankomatkarte oder Kreditkarte beglichen werden.<br \/>\nBei laut AVB (Punkt 12) gemeldeten vorzeitigen Abreisetermin, werden die \u00fcber den<br \/>\nAbreisetermin hinaus im Voraus bezahlten N\u00e4chtigungstage in bar ausbezahlt. Bei Zahlung per<br \/>\n\u00dcberweisungen wird der Gutschriftbetrag an das Auszahlungskonto zur\u00fcck\u00fcberwiesen.<\/li>\n<li>Sieht der Beherbergungsvertrag eine Anzahlung vor und wurde die Anzahlung vom<br \/>\nVertragspartner nicht fristgerecht geleistet, kann der Kirchschlagerhof ohne Nachfrist vom<br \/>\nBeherbergungsvertrag zur\u00fccktreten<\/li>\n<li>Stornierungsbedingungen: Nur in schriftlicher Form per Mail an info@kirchschlagerhof.at<br \/>\nbis 5 Tage vor Anreise kostenlos, danach 100% der Buchung max. 5 Tage (bei Apartment zzgl.<br \/>\nReinigung)<br \/>\nBei vorzeitigem Abreisen vom Gast auf Grund von Krankheit oder Urlaub werden 100% der<br \/>\nBuchung max. 5 Tage (zzgl. Reinigung bei Apartments) verrechnet.<\/li>\n<li>R\u00fccktritt durch Kirchschlagerhof, falls der Gast\/Auftraggeber, f\u00fcr den die Unterkunft gebucht<br \/>\nwurde, bis 24.00 Uhr des vereinbarten Ankunftstages nicht erscheint, besteht keine<br \/>\nBeherbergungspflicht, es sei denn, der Vertragspartner hat die Zahlung f\u00fcr den gebuchten<br \/>\nAufenthalt bereits geleistet.<\/li>\n<li>Zahlungsverzug: Wird die Zahlung nicht fristgerecht geleistet. ist der Kirchschlagerhof berechtigt<br \/>\ndie gesetzlichen Verzugszinsen von 4%\/Jahr zu verrechnen und vom abgeschlossenen Vertrag<br \/>\nzur\u00fcck zu treten. Verweigert der Gast\/Auftraggeber die Zahlung des Entgeltes oder ist er damit in<br \/>\nR\u00fcckstand, so steht dem Kirchschlagerhof zur Sicherung der Forderung das gesetzliche<br \/>\nZur\u00fcckbehaltungsrecht an den eingebrachten Sachen des Gastes gem\u00e4\u00df \u00a7 970c ABGB sowie das<br \/>\ngesetzliche Pfandrecht gem\u00e4\u00df \u00a7 1101 ABGB zu.<br \/>\nSollte die Zahlung auch nach der 3. Mahnung\/Zahlungserinnerung nicht eingehen ist der<br \/>\nKirchschlagerhof berechtigt auf Kosten des Vertragspartners eine Mahnklage einzubringen.<\/li>\n<li>Rechte des Gastes<br \/>\nDurch den Abschluss des Beherbergungsvertrages erwirbt der Gast das Recht auf den \u00fcblichen<br \/>\nGebrauch der Zugesagten R\u00e4ume und der Einrichtungen des Kirchschlagerhofes.<\/li>\n<li>Pflichten des Gastes<br \/>\nVor Inbetriebnahme von mitgebrachten elektrischen Ger\u00e4ten, welche nicht zum \u00fcblichen<br \/>\nReisebedarf geh\u00f6ren, ist die Zustimmung vom Kirchschlagerhof einzuholen.<br \/>\nHeizger\u00e4te und Kochger\u00e4te sind in den Zimmern verboten (Brandschutz) Der Gast haftet f\u00fcr jeden<br \/>\nSchaden und Nachteil den der Kirchschlagerhof oder dritte Personen durch sein Verschulden<br \/>\noder durch das Verschulden seiner Begleitung oder anderen Personen, f\u00fcr die er verantwortlich<br \/>\nist, erleiden, und zwar auch wenn der Gesch\u00e4digte berechtigt ist, f\u00fcr die Geltendmachung seiner<br \/>\nSchadensleistung Kirchschlagerhof direkt in Anspruch zu nehmen. Die im Zimmer befindliche<br \/>\nG\u00e4steinformation \/Hausordnung ist zu beachten.<\/li>\n<li>Haftung vom Kirchschlagerhof<br \/>\nKirchschlagerhof haftet gem\u00e4\u00df den einschl\u00e4gigen Bestimmungen der \u00a7 970 ff AGBG f\u00fcr die vom<br \/>\nGast eingebrachten Sachen. Ein allf\u00e4lliger Ersatzanspruch erlischt, wenn der Gast nach Kenntnis<br \/>\ndes Schadens den Kirchschlagerhof nicht unverz\u00fcglich dar\u00fcber informiert. F\u00fcr Wertgegenst\u00e4nde<br \/>\nin den Zimmern und Wohnungen, als auch in den \u00f6ffentlich zug\u00e4nglichen Bereichen wird nicht gehaftet.<br \/>\nDer Parkplatz vom Kirchschlagerhof wird nicht bewacht. Es ist daher jegliche Haftung f\u00fcr auf dem<br \/>\nGrundst\u00fcck vom Kirchschlagerhof abgestellte Fahrzeuge bzw. die im Fahrzeug befindlichen<br \/>\nGegenst\u00e4nde ausgeschlossen.<\/li>\n<li>Tierhaltung: Das Mitbringen von Tieren ist verboten.<\/li>\n<li>Das Ben\u00fctzen der R\u00e4ume, der Einrichtung und der Ger\u00e4te im G\u00e4stewaschbereich bzw. der -k\u00fcchen<br \/>\ngeschieht ausschlie\u00dflich auf eigenes Risiko.<\/p>\n<ul>\n<li>Der Gast ist verpflichtet, die Ger\u00e4te vor der Ben\u00fctzung gr\u00fcndlich auf Besch\u00e4digungen und<br \/>\nR\u00fcckst\u00e4nde zu untersuchen, gewissenhaft einzustellen und w\u00e4hrend der gesamten<br \/>\nGer\u00e4tenutzung bei dem Ger\u00e4t zu bleiben.<\/li>\n<li>Sollte ein Ger\u00e4t besch\u00e4digt sein oder es zu Problemen kommen, ist das Ger\u00e4t sofort z.B durch<br \/>\nziehen des Steckers oder durch ausschalten zu stoppen. Der Gast muss sofort bei Eintritt eines<br \/>\nFehlers, den Kirchschlagerhof benachrichtigen.<\/li>\n<li>Waschen und Trocknen ist nur f\u00fcr Haushaltsw\u00e4sche erlaubt, es ist untersagt die W\u00e4sche zu<br \/>\nf\u00e4rben. Weiters ist es nicht erlaubt stark verschmutzte Kleidung (\u00d6l, Fett, Silikon usw.) zu<br \/>\nwaschen oder zu trocknen. F\u00fcr die Reinigung und Reparatur der Wasch- bzw. Trockenger\u00e4te wird<br \/>\nin diesem Fall der Gast f\u00fcr die Kosten herangezogen.<\/li>\n<li>F\u00fcr Sch\u00e4den an der W\u00e4sche, die durch \u00dcberf\u00fcllung auftreten haftet der Gast.<\/li>\n<li>Der Kirchschlagerhof \u00fcbernimmt keine Haftung f\u00fcr W\u00e4sche die liegen gelassen wurde,<br \/>\ngestohlen wurde, die verf\u00e4rbt oder auf andere Weise beschmutzt wurde, die eingelaufen ist oder<br \/>\ndie auf andere Weise, wie Verstellung des Programms, besch\u00e4digt wurde.<\/li>\n<li>Im Falle eines zu kl\u00e4renden Schadensersatzanspruches, stellt der Gast dem Kirchschlagerhof<br \/>\ndie W\u00e4sche im Originalzustand sofort am gleichen Tag zur Verf\u00fcgung. Ein eventueller<br \/>\nSchadensersatz kann nur nach Vorlage der Originalkaufrechnung erfolgen, abz\u00fcglich der<br \/>\nAbnutzung. Der Gast \u00fcbergibt die W\u00e4sche an den Kirchschlagerhof und erkl\u00e4rt sich<br \/>\neinverstanden, dass die W\u00e4sche von einem unabh\u00e4ngigen Sachverst\u00e4ndigen untersucht wird.<br \/>\nDie Kosten hierf\u00fcr tr\u00e4gt der Gast, wenn den Kirchschlagerhof kein Verschulden trifft.<\/li>\n<li>Entnimmt der Gast nicht sofort bei Programmende seine W\u00e4sche, ist der n\u00e4chste Gast<br \/>\nberechtigt, die W\u00e4sche zu entnehmen und sauber auf das betreffende Ger\u00e4t zu legen.<br \/>\nDer Kirchschlagerhof ist verpflichtet die Ger\u00e4te regelm\u00e4\u00dfig zu warten, bei gemeldeten<br \/>\nBesch\u00e4digungen zu \u00fcberpr\u00fcfen und ggf. aus dem Verkehr zu nehmen.<\/li>\n<\/ul>\n<\/li>\n<li>Rauchverbot: In s\u00e4mtlichen R\u00e4umen herrscht Rauchverbot. Alle unsere Zimmer und Apartments<br \/>\nsind Nichtraucher-Zimmer\/Apartments. Bei Nichtbeachtung werden bei Zimmer \u20ac 50,- und bei<br \/>\nWohnungen \u20ac 100,-je Vorfall, f\u00fcr zus\u00e4tzliche Reinigungskosten berechnet.<br \/>\nRauchen bitte nur auf dem Balkon\/Terrasse im 1. Stock, 2. Stock, 3. Stock und vor dem Hotel.<\/li>\n<li>Verl\u00e4ngerung der Beherbergung: Der Vertragspartner hat keinen Anspruch darauf, dass sein<br \/>\nAufenthalt verl\u00e4ngert wird. K\u00fcndigt der Vertragspartner seinen Wunsch auf Verl\u00e4ngerung des<br \/>\nAufenthalts rechtzeitig an, so kann der Kirchschlagerhof der Verl\u00e4ngerung des<br \/>\nBeherbergungsvertrages zustimmen. Den Kirchschlagerhof trifft dazu keine Verpflichtung.<\/li>\n<li>Beendigung der Beherbergung: Wurde ein Beherbergungsvertrag auf bestimmte Zeit vereinbart,<br \/>\nso endet er mit Zeitablauf. Reist der Gast vorzeitig ab, ist der Kirchschlagerhof berechtigt, das<br \/>\nvolle vereinbarte Entgelt zu verlangen oder zu behalten.<br \/>\nWurde, ein Beherbergungsvertrag auf unbestimmte Zeit (offen) vereinbart, so endet er mit der<br \/>\nrechtzeitigen Bekanntgabe der Beendigung des Beherbergungsvertrages mind. 5 Tage vor<br \/>\ntats\u00e4chlicher abreise. Ohne rechtzeitige Bekanntgabe der Beendigung des<br \/>\nBeherbergungsvertrages werden 5 Tage aufgerechnet (zzgl. Reinigung bei Apartments, wenn<br \/>\nunter 11 Tagen durchgehenden Aufenthalts).<\/li>\n<li>Der Kirchschlagerhof ist berechtig, den Beherbergungsvertrag mit sofortiger Wirkung aufzul\u00f6sen,<br \/>\nwenn<\/p>\n<ol>\n<li>der Gast von den R\u00e4umlichkeiten einen erheblich nachteiligen Gebrauch macht oder durch<br \/>\nsein r\u00fccksichtsloses, anst\u00f6\u00dfiges oder sonst grob ungeh\u00f6riges Verhalten den \u00fcbrigen G\u00e4sten oder<br \/>\ndem Kirchschlagerhof und seinen Leuten das Zusammenwohnen verleidet oder sich gegen\u00fcber<br \/>\nDritten einer mit Strafe bedrohten Handlung gegen das Eigentum, die Sittlichkeit oder die<br \/>\nk\u00f6rperliche Sicherheit schuldig macht;<\/li>\n<li>\u00fcber das Verm\u00f6gen des Auftraggebers\/Gastes ein Konkurs- oder Ausgleichsverfahren er\u00f6ffnet<br \/>\noder mangels Kostendeckung nicht er\u00f6ffnet wurde;<\/li>\n<li>wenn die Vertragserf\u00fcllung durch ein als h\u00f6here Gewalt zu wertendes Ereignis unm\u00f6glich wird,<br \/>\nwird der Vertrag aufgel\u00f6st. Etwaige Anspr\u00fcche des Gastes auf Schadenersatz etc. sind<br \/>\nausgeschlossen.<\/li>\n<\/ol>\n<\/li>\n<li>Datenschutz: sch\u00fctzen Sie Ihre eigenen Daten vor fremden Zugriff. In den Zimmern und<br \/>\nWohnungen stehen internetf\u00e4hige TV-Ger\u00e4te, nach Abreise werden die gespeicherten Daten vom<br \/>\nKirchschlagerhof nicht zur\u00fcckgesetzt.<\/li>\n<li>Gerichtsstandvereinbarung. Anwendbares Recht<br \/>\nF\u00fcr alle Streitigkeiten aus dem zwischen Kirchschlagerhof und dem Gast abgeschlossenen<br \/>\nBeherbergungsvertrag gilt die Zust\u00e4ndigkeit des sachlich zust\u00e4ndigen Gerichtes in Linz n\u00e4mlich<br \/>\ndas Bezirksgericht Linz Urfahr bzw. des Landesgerichtes f\u00fcr Zivilrechtssachen Linz als vereinbart.<br \/>\nEs gilt \u00f6sterreichisches Recht unter Ausschluss der Verweisungsnormen.<\/li>\n<li>Diese Allgemeinen Vertragsbedingungen treten mit 01. Juli 2024 in Kraft.<\/li>\n<\/ol>\n<\/div><\/div><style type=\"text\/css\">.fusion-body .fusion-builder-column-0{width:100% !important;margin-top : 0px;margin-bottom : 20px;}.fusion-builder-column-0 > .fusion-column-wrapper {padding-top : 0px !important;padding-right : 0px !important;margin-right : 1.92%;padding-bottom : 0px !important;padding-left : 0px !important;margin-left : 1.92%;}@media only screen and (max-width:1024px) {.fusion-body .fusion-builder-column-0{width:100% !important;order : 0;}.fusion-builder-column-0 > .fusion-column-wrapper {margin-right : 1.92%;margin-left : 1.92%;}}@media only screen and (max-width:640px) {.fusion-body .fusion-builder-column-0{width:100% !important;order : 0;}.fusion-builder-column-0 > .fusion-column-wrapper {margin-right : 1.92%;margin-left : 1.92%;}}<\/style><\/div><\/div><style type=\"text\/css\">.fusion-body .fusion-flex-container.fusion-builder-row-1{ padding-top : 0px;margin-top : 0px;padding-right : 0px;padding-bottom : 0px;margin-bottom : 0px;padding-left : 0px;}<\/style><\/div>\n","protected":false},"excerpt":{"rendered":"","protected":false},"author":1,"featured_media":0,"parent":0,"menu_order":0,"comment_status":"closed","ping_status":"closed","template":"100-width.php","meta":{"footnotes":""},"class_list":["post-70","page","type-page","status-publish","hentry"],"yoast_head":"<!-- This site is optimized with the Yoast SEO plugin v23.7 - https:\/\/yoast.com\/wordpress\/plugins\/seo\/ -->\n<title>AVB - Monteurzimmer Linz<\/title>\n<meta name=\"robots\" content=\"index, follow, max-snippet:-1, max-image-preview:large, max-video-preview:-1\" \/>\n<link rel=\"canonical\" href=\"https:\/\/www.kirchschlagerhof.at\/2020\/avb\/\" \/>\n<meta property=\"og:locale\" content=\"de_DE\" \/>\n<meta property=\"og:type\" content=\"article\" \/>\n<meta property=\"og:title\" content=\"AVB - Monteurzimmer Linz\" \/>\n<meta property=\"og:url\" content=\"https:\/\/www.kirchschlagerhof.at\/2020\/avb\/\" \/>\n<meta property=\"og:site_name\" content=\"Monteurzimmer Linz\" \/>\n<meta property=\"article:modified_time\" content=\"2024-08-25T10:17:23+00:00\" \/>\n<meta name=\"twitter:card\" content=\"summary_large_image\" \/>\n<meta name=\"twitter:label1\" content=\"Gesch\u00e4tzte Lesezeit\" \/>\n\t<meta name=\"twitter:data1\" content=\"10\u00a0Minuten\" \/>\n<script type=\"application\/ld+json\" class=\"yoast-schema-graph\">{\"@context\":\"https:\/\/schema.org\",\"@graph\":[{\"@type\":\"WebPage\",\"@id\":\"https:\/\/www.kirchschlagerhof.at\/2020\/avb\/\",\"url\":\"https:\/\/www.kirchschlagerhof.at\/2020\/avb\/\",\"name\":\"AVB - Monteurzimmer Linz\",\"isPartOf\":{\"@id\":\"https:\/\/www.kirchschlagerhof.at\/2020\/#website\"},\"datePublished\":\"2020-12-30T11:00:31+00:00\",\"dateModified\":\"2024-08-25T10:17:23+00:00\",\"breadcrumb\":{\"@id\":\"https:\/\/www.kirchschlagerhof.at\/2020\/avb\/#breadcrumb\"},\"inLanguage\":\"de\",\"potentialAction\":[{\"@type\":\"ReadAction\",\"target\":[\"https:\/\/www.kirchschlagerhof.at\/2020\/avb\/\"]}]},{\"@type\":\"BreadcrumbList\",\"@id\":\"https:\/\/www.kirchschlagerhof.at\/2020\/avb\/#breadcrumb\",\"itemListElement\":[{\"@type\":\"ListItem\",\"position\":1,\"name\":\"Startseite\",\"item\":\"https:\/\/www.kirchschlagerhof.at\/2020\/\"},{\"@type\":\"ListItem\",\"position\":2,\"name\":\"AVB\"}]},{\"@type\":\"WebSite\",\"@id\":\"https:\/\/www.kirchschlagerhof.at\/2020\/#website\",\"url\":\"https:\/\/www.kirchschlagerhof.at\/2020\/\",\"name\":\"Monteurzimmer Linz\",\"description\":\"Kirchschlagerhof\",\"publisher\":{\"@id\":\"https:\/\/www.kirchschlagerhof.at\/2020\/#organization\"},\"potentialAction\":[{\"@type\":\"SearchAction\",\"target\":{\"@type\":\"EntryPoint\",\"urlTemplate\":\"https:\/\/www.kirchschlagerhof.at\/2020\/?s={search_term_string}\"},\"query-input\":{\"@type\":\"PropertyValueSpecification\",\"valueRequired\":true,\"valueName\":\"search_term_string\"}}],\"inLanguage\":\"de\"},{\"@type\":\"Organization\",\"@id\":\"https:\/\/www.kirchschlagerhof.at\/2020\/#organization\",\"name\":\"Hotel Kirchschlagerhof\",\"url\":\"https:\/\/www.kirchschlagerhof.at\/2020\/\",\"logo\":{\"@type\":\"ImageObject\",\"inLanguage\":\"de\",\"@id\":\"https:\/\/www.kirchschlagerhof.at\/2020\/#\/schema\/logo\/image\/\",\"url\":\"https:\/\/www.kirchschlagerhof.at\/2020\/wp-content\/uploads\/2020\/12\/Original-on-Transparent-mobil-retina.png\",\"contentUrl\":\"https:\/\/www.kirchschlagerhof.at\/2020\/wp-content\/uploads\/2020\/12\/Original-on-Transparent-mobil-retina.png\",\"width\":303,\"height\":200,\"caption\":\"Hotel Kirchschlagerhof\"},\"image\":{\"@id\":\"https:\/\/www.kirchschlagerhof.at\/2020\/#\/schema\/logo\/image\/\"}}]}<\/script>\n<!-- \/ Yoast SEO plugin. -->","yoast_head_json":{"title":"AVB - Monteurzimmer Linz","robots":{"index":"index","follow":"follow","max-snippet":"max-snippet:-1","max-image-preview":"max-image-preview:large","max-video-preview":"max-video-preview:-1"},"canonical":"https:\/\/www.kirchschlagerhof.at\/2020\/avb\/","og_locale":"de_DE","og_type":"article","og_title":"AVB - Monteurzimmer Linz","og_url":"https:\/\/www.kirchschlagerhof.at\/2020\/avb\/","og_site_name":"Monteurzimmer Linz","article_modified_time":"2024-08-25T10:17:23+00:00","twitter_card":"summary_large_image","twitter_misc":{"Gesch\u00e4tzte Lesezeit":"10\u00a0Minuten"},"schema":{"@context":"https:\/\/schema.org","@graph":[{"@type":"WebPage","@id":"https:\/\/www.kirchschlagerhof.at\/2020\/avb\/","url":"https:\/\/www.kirchschlagerhof.at\/2020\/avb\/","name":"AVB - Monteurzimmer Linz","isPartOf":{"@id":"https:\/\/www.kirchschlagerhof.at\/2020\/#website"},"datePublished":"2020-12-30T11:00:31+00:00","dateModified":"2024-08-25T10:17:23+00:00","breadcrumb":{"@id":"https:\/\/www.kirchschlagerhof.at\/2020\/avb\/#breadcrumb"},"inLanguage":"de","potentialAction":[{"@type":"ReadAction","target":["https:\/\/www.kirchschlagerhof.at\/2020\/avb\/"]}]},{"@type":"BreadcrumbList","@id":"https:\/\/www.kirchschlagerhof.at\/2020\/avb\/#breadcrumb","itemListElement":[{"@type":"ListItem","position":1,"name":"Startseite","item":"https:\/\/www.kirchschlagerhof.at\/2020\/"},{"@type":"ListItem","position":2,"name":"AVB"}]},{"@type":"WebSite","@id":"https:\/\/www.kirchschlagerhof.at\/2020\/#website","url":"https:\/\/www.kirchschlagerhof.at\/2020\/","name":"Monteurzimmer Linz","description":"Kirchschlagerhof","publisher":{"@id":"https:\/\/www.kirchschlagerhof.at\/2020\/#organization"},"potentialAction":[{"@type":"SearchAction","target":{"@type":"EntryPoint","urlTemplate":"https:\/\/www.kirchschlagerhof.at\/2020\/?s={search_term_string}"},"query-input":{"@type":"PropertyValueSpecification","valueRequired":true,"valueName":"search_term_string"}}],"inLanguage":"de"},{"@type":"Organization","@id":"https:\/\/www.kirchschlagerhof.at\/2020\/#organization","name":"Hotel Kirchschlagerhof","url":"https:\/\/www.kirchschlagerhof.at\/2020\/","logo":{"@type":"ImageObject","inLanguage":"de","@id":"https:\/\/www.kirchschlagerhof.at\/2020\/#\/schema\/logo\/image\/","url":"https:\/\/www.kirchschlagerhof.at\/2020\/wp-content\/uploads\/2020\/12\/Original-on-Transparent-mobil-retina.png","contentUrl":"https:\/\/www.kirchschlagerhof.at\/2020\/wp-content\/uploads\/2020\/12\/Original-on-Transparent-mobil-retina.png","width":303,"height":200,"caption":"Hotel Kirchschlagerhof"},"image":{"@id":"https:\/\/www.kirchschlagerhof.at\/2020\/#\/schema\/logo\/image\/"}}]}},"_links":{"self":[{"href":"https:\/\/www.kirchschlagerhof.at\/2020\/wp-json\/wp\/v2\/pages\/70"}],"collection":[{"href":"https:\/\/www.kirchschlagerhof.at\/2020\/wp-json\/wp\/v2\/pages"}],"about":[{"href":"https:\/\/www.kirchschlagerhof.at\/2020\/wp-json\/wp\/v2\/types\/page"}],"author":[{"embeddable":true,"href":"https:\/\/www.kirchschlagerhof.at\/2020\/wp-json\/wp\/v2\/users\/1"}],"replies":[{"embeddable":true,"href":"https:\/\/www.kirchschlagerhof.at\/2020\/wp-json\/wp\/v2\/comments?post=70"}],"version-history":[{"count":7,"href":"https:\/\/www.kirchschlagerhof.at\/2020\/wp-json\/wp\/v2\/pages\/70\/revisions"}],"predecessor-version":[{"id":351,"href":"https:\/\/www.kirchschlagerhof.at\/2020\/wp-json\/wp\/v2\/pages\/70\/revisions\/351"}],"wp:attachment":[{"href":"https:\/\/www.kirchschlagerhof.at\/2020\/wp-json\/wp\/v2\/media?parent=70"}],"curies":[{"name":"wp","href":"https:\/\/api.w.org\/{rel}","templated":true}]}}